{"id":3,"date":"2022-07-07T03:59:50","date_gmt":"2022-07-07T03:59:50","guid":{"rendered":"http:\/\/interactivestocksmarkets.com\/?page_id=3"},"modified":"2025-05-21T13:23:52","modified_gmt":"2025-05-21T13:23:52","slug":"privacy-policy","status":"publish","type":"page","link":"https:\/\/interactivestocksmarkets.com\/en\/privacy-policy\/","title":{"rendered":"Privacy Policy"},"content":{"rendered":"<div data-elementor-type=\"wp-page\" data-elementor-id=\"3\" class=\"elementor elementor-3\" data-elementor-post-type=\"page\">\n\t\t\t\t\t\t<section class=\"elementor-section elementor-top-section elementor-element elementor-element-35de8e2 elementor-section-boxed elementor-section-height-default elementor-section-height-default\" data-id=\"35de8e2\" data-element_type=\"section\" data-e-type=\"section\">\r\n\t\t\t\t\t\t<div class=\"elementor-container elementor-column-gap-default jws_section_\" >\r\n\t\t\t\t<div class=\"elementor-column elementor-col-100 elementor-top-column elementor-element elementor-element-429614f\" data-id=\"429614f\" data-element_type=\"column\" data-e-type=\"column\">\n\t\t\t<div class=\"elementor-widget-wrap elementor-element-populated\">\n\t\t\t\t\t\t<div class=\"elementor-element elementor-element-beb93b9 elementor-widget elementor-widget-jws_widget_heading\" data-id=\"beb93b9\" data-element_type=\"widget\" data-e-type=\"widget\" data-widget_type=\"jws_widget_heading.default\">\n\t\t\t\t<div class=\"elementor-widget-container\">\n\t\t\t\t\t<div class=\"title-wrapper  center\"><h1 class=\"title\">Privacy Policy<\/h1><\/div>\t\t\t\t<\/div>\n\t\t\t\t<\/div>\n\t\t\t\t\t<\/div>\n\t\t<\/div>\n\t\t\t\t      \r\n            \r\n              \r\n            \r\n            \t\r\n\t\t\t<\/div>\r\n\t\t<\/section>\r\n\t\t\t\t<section class=\"elementor-section elementor-top-section elementor-element elementor-element-23258639 elementor-section-boxed elementor-section-height-default elementor-section-height-default\" data-id=\"23258639\" data-element_type=\"section\" data-e-type=\"section\">\r\n\t\t\t\t\t\t<div class=\"elementor-container elementor-column-gap-default jws_section_\" >\r\n\t\t\t\t<div class=\"elementor-column elementor-col-100 elementor-top-column elementor-element elementor-element-416e1daf\" data-id=\"416e1daf\" data-element_type=\"column\" data-e-type=\"column\">\n\t\t\t<div class=\"elementor-widget-wrap elementor-element-populated\">\n\t\t\t\t\t\t<div class=\"elementor-element elementor-element-4d16b7d9 elementor-widget elementor-widget-text-editor\" data-id=\"4d16b7d9\" data-element_type=\"widget\" data-e-type=\"widget\" data-widget_type=\"text-editor.default\">\n\t\t\t\t<div class=\"elementor-widget-container\">\n\t\t\t\t\t\t\t\t\t\n<p class=\"\" data-start=\"334\" data-end=\"582\">At Interactive Stocks Markets, protecting your personal data is a priority. This Privacy Policy describes how we collect, use, store and protect the information you share with us when you use our services.<\/p>\n\n<h3 class=\"wp-block-heading\">1. Information we collect<\/h3>\n\n<p class=\"\" data-start=\"620\" data-end=\"734\">We collect only the information necessary to provide you with a safe and personalized experience, including:<\/p>\n<ul data-start=\"736\" data-end=\"1034\">\n<li class=\"\" data-start=\"736\" data-end=\"829\">\n<p class=\"\" data-start=\"738\" data-end=\"829\">Registration data such as name, e-mail address, telephone number and country of residence.<\/p>\n<\/li>\n<li class=\"\" data-start=\"830\" data-end=\"924\">\n<p class=\"\" data-start=\"832\" data-end=\"924\">Financial information you choose to share for live, secure and encrypted trading.<\/p>\n<\/li>\n<li class=\"\" data-start=\"925\" data-end=\"1034\">\n<p class=\"\" data-start=\"927\" data-end=\"1034\">Activity within the platform to improve the user experience and optimize our tools.<\/p>\n<\/li>\n<\/ul>\n\n<h3 class=\"wp-block-heading\">2. Use of information<\/h3>\n\n<p class=\"\" data-start=\"1066\" data-end=\"1092\">We use your data to:<\/p>\n<ul data-start=\"1094\" data-end=\"1397\">\n<li class=\"\" data-start=\"1094\" data-end=\"1157\">\n<p class=\"\" data-start=\"1096\" data-end=\"1157\">Verify your identity and comply with regulatory requirements.<\/p>\n<\/li>\n<li class=\"\" data-start=\"1158\" data-end=\"1226\">\n<p class=\"\" data-start=\"1160\" data-end=\"1226\">Give you access to our investment functions and tools.<\/p>\n<\/li>\n<li class=\"\" data-start=\"1227\" data-end=\"1313\">\n<p class=\"\" data-start=\"1229\" data-end=\"1313\">Send you important notifications, such as updates, legal notices and support.<\/p>\n<\/li>\n<li class=\"\" data-start=\"1314\" data-end=\"1397\">\n<p class=\"\" data-start=\"1316\" data-end=\"1397\">Improve the security, operability and personalization of our services.<\/p>\n<\/li>\n<\/ul>\n<p class=\"\" data-start=\"1399\" data-end=\"1480\">We never sell or share your information with third parties for commercial purposes.<\/p>\n\n<h3 class=\"wp-block-heading\">3. Data Protection<\/h3>\n\n<p class=\"\" data-start=\"1510\" data-end=\"1603\">We employ advanced digital security standards to protect your information, including:<\/p>\n<ul data-start=\"1605\" data-end=\"1720\">\n<li class=\"\" data-start=\"1605\" data-end=\"1624\">\n<p class=\"\" data-start=\"1607\" data-end=\"1624\">Data encryption.<\/p>\n<\/li>\n<li class=\"\" data-start=\"1625\" data-end=\"1660\">\n<p class=\"\" data-start=\"1627\" data-end=\"1660\">Restricted access protocols.<\/p>\n<\/li>\n<li class=\"\" data-start=\"1661\" data-end=\"1720\">\n<p class=\"\" data-start=\"1663\" data-end=\"1720\">Constant monitoring to prevent unauthorized access.<\/p>\n<\/li>\n<\/ul>\n\n<h3 class=\"wp-block-heading\">4. Your rights<\/h3>\n\n<p class=\"\" data-start=\"1743\" data-end=\"1774\">As a user, you have the right to:<\/p>\n<ul data-start=\"1776\" data-end=\"1923\">\n<li class=\"\" data-start=\"1776\" data-end=\"1831\">\n<p class=\"\" data-start=\"1778\" data-end=\"1831\">Access, correct or delete your personal information.<\/p>\n<\/li>\n<li class=\"\" data-start=\"1832\" data-end=\"1873\">\n<p class=\"\" data-start=\"1834\" data-end=\"1873\">Request the portability of your data.<\/p>\n<\/li>\n<li class=\"\" data-start=\"1874\" data-end=\"1923\">\n<p class=\"\" data-start=\"1876\" data-end=\"1923\">Withdraw your consent at any time.<\/p>\n<\/li>\n<\/ul>\n<p class=\"\" data-start=\"1925\" data-end=\"2012\">To exercise these rights, you can write to us through our official channels.<\/p>\n\n<h3 class=\"wp-block-heading\">5. Changes to this policy<\/h3>\n\n<p class=\"\" data-start=\"2047\" data-end=\"2246\">We may update this Privacy Policy to accommodate regulatory changes or service improvements. We will notify you of any relevant changes via the website or email.<\/p>\n\t\t\t\t\t\t\t\t<\/div>\n\t\t\t\t<\/div>\n\t\t\t\t\t<\/div>\n\t\t<\/div>\n\t\t\t\t      \r\n            \r\n              \r\n            \r\n            \t\r\n\t\t\t<\/div>\r\n\t\t<\/section>\r\n\t\t\t\t<\/div>","protected":false},"excerpt":{"rendered":"<p>Pol\u00edticas de Privacidad En Interactive Stocks Markets, la protecci\u00f3n de tus datos personales es una prioridad. Esta Pol\u00edtica de Privacidad describe c\u00f3mo recopilamos, usamos, almacenamos y protegemos la informaci\u00f3n que compartes con nosotros al utilizar nuestros servicios. 1. Informaci\u00f3n que recopilamos Recopilamos \u00fanicamente la informaci\u00f3n necesaria para ofrecerte una experiencia segura y personalizada, incluyendo: Datos [&hellip;]<\/p>\n","protected":false},"author":1,"featured_media":0,"parent":0,"menu_order":0,"comment_status":"closed","ping_status":"closed","template":"","meta":{"footnotes":""},"class_list":["post-3","page","type-page","status-publish","hentry"],"_links":{"self":[{"href":"https:\/\/interactivestocksmarkets.com\/en\/wp-json\/wp\/v2\/pages\/3","targetHints":{"allow":["GET"]}}],"collection":[{"href":"https:\/\/interactivestocksmarkets.com\/en\/wp-json\/wp\/v2\/pages"}],"about":[{"href":"https:\/\/interactivestocksmarkets.com\/en\/wp-json\/wp\/v2\/types\/page"}],"author":[{"embeddable":true,"href":"https:\/\/interactivestocksmarkets.com\/en\/wp-json\/wp\/v2\/users\/1"}],"replies":[{"embeddable":true,"href":"https:\/\/interactivestocksmarkets.com\/en\/wp-json\/wp\/v2\/comments?post=3"}],"version-history":[{"count":8,"href":"https:\/\/interactivestocksmarkets.com\/en\/wp-json\/wp\/v2\/pages\/3\/revisions"}],"predecessor-version":[{"id":9980,"href":"https:\/\/interactivestocksmarkets.com\/en\/wp-json\/wp\/v2\/pages\/3\/revisions\/9980"}],"wp:attachment":[{"href":"https:\/\/interactivestocksmarkets.com\/en\/wp-json\/wp\/v2\/media?parent=3"}],"curies":[{"name":"wp","href":"https:\/\/api.w.org\/{rel}","templated":true}]}}