{"id":5061,"date":"2022-08-09T08:18:55","date_gmt":"2022-08-09T08:18:55","guid":{"rendered":"http:\/\/interactivestocksmarkets.com\/?page_id=5061"},"modified":"2026-03-25T14:33:06","modified_gmt":"2026-03-25T14:33:06","slug":"contacts","status":"publish","type":"page","link":"https:\/\/interactivestocksmarkets.com\/en\/contacts\/","title":{"rendered":"Contacts"},"content":{"rendered":"\t\t<div data-elementor-type=\"wp-page\" data-elementor-id=\"5061\" class=\"elementor elementor-5061\" data-elementor-post-type=\"page\">\n\t\t\t\t\t\t<section class=\"elementor-section elementor-top-section elementor-element elementor-element-bb9614f elementor-section-full_width elementor-section-height-default elementor-section-height-default\" data-id=\"bb9614f\" data-element_type=\"section\" data-e-type=\"section\">\r\n\t\t\t\t\t\t<div class=\"elementor-container elementor-column-gap-default jws_section_\" >\r\n\t\t\t\t<div class=\"elementor-column elementor-col-50 elementor-top-column elementor-element elementor-element-a14fd3c container\" data-id=\"a14fd3c\" data-element_type=\"column\" data-e-type=\"column\">\n\t\t\t<div class=\"elementor-widget-wrap elementor-element-populated\">\n\t\t\t\t\t\t<div class=\"elementor-element elementor-element-07500c6 elementor-invisible elementor-widget elementor-widget-heading\" data-id=\"07500c6\" data-element_type=\"widget\" data-e-type=\"widget\" data-settings=\"{&quot;_animation&quot;:&quot;fadeIn&quot;}\" data-widget_type=\"heading.default\">\n\t\t\t\t<div class=\"elementor-widget-container\">\n\t\t\t\t\t<h3 class=\"elementor-heading-title elementor-size-default\">Conecta con nosotros y da el siguiente paso\n\n<\/h3>\t\t\t\t<\/div>\n\t\t\t\t<\/div>\n\t\t\t\t<div class=\"elementor-element elementor-element-1fe17ba elementor-invisible elementor-widget elementor-widget-text-editor\" data-id=\"1fe17ba\" data-element_type=\"widget\" data-e-type=\"widget\" data-settings=\"{&quot;_animation&quot;:&quot;fadeIn&quot;}\" data-widget_type=\"text-editor.default\">\n\t\t\t\t<div class=\"elementor-widget-container\">\n\t\t\t\t\t\t\t\t\t<p>Si tienes preguntas, ideas o deseas comenzar tu camino con Interactive Stocks Markets, estamos para ayudarte. Completa el formulario y te responderemos a la brevedad.<\/p>\t\t\t\t\t\t\t\t<\/div>\n\t\t\t\t<\/div>\n\t\t\t\t<div class=\"elementor-element elementor-element-f13520a elementor-icon-list--layout-traditional elementor-invisible elementor-widget elementor-widget-menu_list\" data-id=\"f13520a\" data-element_type=\"widget\" data-e-type=\"widget\" data-settings=\"{&quot;_animation&quot;:&quot;fadeIn&quot;}\" data-widget_type=\"menu_list.default\">\n\t\t\t\t<div class=\"elementor-widget-container\">\n\t\t\t\t\t        <div class=\"jws-menu-list \">\r\n                \t\t<ul class=\"elementor-icon-list-items  line_sm\">\r\n    \t\t\t    \t\t\t\t<li class=\"elementor-icon-list-item\">\r\n    \t\t\t\t\t<a href=\"mailto:email@example.com\"> \r\n    \t\t\t\t\t\t\r\n    \t\t\t\t\t<h6 class=\"elementor-icon-list-text\">\r\n                        support@interactivestocksmarkets.com                        <\/h6>\r\n\t\t\t\t\t\t\t\t    \t\t\t\t\t    \t\t\t\t\t\t<\/a>\r\n    \t\t\t\t\t    \t\t\t\t<\/li>\r\n    \t\t\t\t    \t\t\t\t<li class=\"elementor-icon-list-item\">\r\n    \t\t\t\t\t \r\n    \t\t\t\t\t\t\r\n    \t\t\t\t\t<h6 class=\"elementor-icon-list-text\">\r\n                                                <\/h6>\r\n\t\t\t\t\t\t\t\t    \t\t\t\t\t    \t\t\t\t<\/li>\r\n    \t\t\t\t    \t\t\t\t<li class=\"elementor-icon-list-item\">\r\n    \t\t\t\t\t    \t\t\t\t\t\t<span class=\"elementor-icon-list-icon\">\r\n    \t\t\t\t\t\t\t<i aria-hidden=\"true\" class=\"fas fa-map-marker-alt\"><\/i>                                 \r\n    \t\t\t\t\t\t<\/span>\r\n    \t\t\t\t\t \r\n    \t\t\t\t\t\t\r\n    \t\t\t\t\t<h6 class=\"elementor-icon-list-text\">\r\n                        Fraum\u00fcnsterstrasse 16 Z\u00fcrich, Suiza                        <\/h6>\r\n\t\t\t\t\t\t\t\t    \t\t\t\t\t    \t\t\t\t<\/li>\r\n    \t\t\t\t    \t\t\t\t<li class=\"elementor-icon-list-item\">\r\n    \t\t\t\t\t    \t\t\t\t\t\t<span class=\"elementor-icon-list-icon\">\r\n    \t\t\t\t\t\t\t<i aria-hidden=\"true\" class=\"fas fa-map-marker-alt\"><\/i>                                 \r\n    \t\t\t\t\t\t<\/span>\r\n    \t\t\t\t\t \r\n    \t\t\t\t\t\t\r\n    \t\t\t\t\t<h6 class=\"elementor-icon-list-text\">\r\n                        Toronto, Ontario M5J 0B1, Canad\u00e1                        <\/h6>\r\n\t\t\t\t\t\t\t\t    \t\t\t\t\t    \t\t\t\t<\/li>\r\n    \t\t\t\t    \t\t\t\t<li class=\"elementor-icon-list-item\">\r\n    \t\t\t\t\t    \t\t\t\t\t\t<span class=\"elementor-icon-list-icon\">\r\n    \t\t\t\t\t\t\t<i aria-hidden=\"true\" class=\"fas fa-map-marker-alt\"><\/i>                                 \r\n    \t\t\t\t\t\t<\/span>\r\n    \t\t\t\t\t \r\n    \t\t\t\t\t\t\r\n    \t\t\t\t\t<h6 class=\"elementor-icon-list-text\">\r\n                        ORBI TOVER Thomas-Klestil-Platz 13, 1030 Wien, Austria                        <\/h6>\r\n\t\t\t\t\t\t\t\t    \t\t\t\t\t    \t\t\t\t<\/li>\r\n    \t\t\t\t    \t\t<\/ul>\r\n        <\/div>\r\n\t\t\t\t\t\t<\/div>\n\t\t\t\t<\/div>\n\t\t\t\t<div class=\"elementor-element elementor-element-2689bd7 elementor-invisible elementor-widget elementor-widget-heading\" data-id=\"2689bd7\" data-element_type=\"widget\" data-e-type=\"widget\" data-settings=\"{&quot;_animation&quot;:&quot;fadeIn&quot;}\" data-widget_type=\"heading.default\">\n\t\t\t\t<div class=\"elementor-widget-container\">\n\t\t\t\t\t<h6 class=\"elementor-heading-title elementor-size-default\">S\u00edguenos en<\/h6>\t\t\t\t<\/div>\n\t\t\t\t<\/div>\n\t\t\t\t<div class=\"elementor-element elementor-element-8072455 elementor-shape-square elementor-grid-0 elementor-invisible elementor-widget elementor-widget-social-icons\" data-id=\"8072455\" data-element_type=\"widget\" data-e-type=\"widget\" data-settings=\"{&quot;_animation&quot;:&quot;fadeIn&quot;}\" data-widget_type=\"social-icons.default\">\n\t\t\t\t<div class=\"elementor-widget-container\">\n\t\t\t\t\t\t\t<div class=\"elementor-social-icons-wrapper elementor-grid\" role=\"list\">\n\t\t\t\t\t\t\t<span class=\"elementor-grid-item\" role=\"listitem\">\n\t\t\t\t\t<a class=\"elementor-icon elementor-social-icon elementor-social-icon-telegram elementor-repeater-item-532f81e\" href=\"https:\/\/web.telegram.org\/\" target=\"_blank\">\n\t\t\t\t\t\t<span class=\"elementor-screen-only\">Telegram<\/span>\n\t\t\t\t\t\t<i aria-hidden=\"true\" class=\"fab fa-telegram\"><\/i>\t\t\t\t\t<\/a>\n\t\t\t\t<\/span>\n\t\t\t\t\t\t\t<span class=\"elementor-grid-item\" role=\"listitem\">\n\t\t\t\t\t<a class=\"elementor-icon elementor-social-icon elementor-social-icon-twitter elementor-repeater-item-a2d0298\" href=\"https:\/\/twitter.com\/\" target=\"_blank\">\n\t\t\t\t\t\t<span class=\"elementor-screen-only\">Twitter<\/span>\n\t\t\t\t\t\t<i aria-hidden=\"true\" class=\"fab fa-twitter\"><\/i>\t\t\t\t\t<\/a>\n\t\t\t\t<\/span>\n\t\t\t\t\t\t\t<span class=\"elementor-grid-item\" role=\"listitem\">\n\t\t\t\t\t<a class=\"elementor-icon elementor-social-icon elementor-social-icon-facebook elementor-repeater-item-6841b73\" href=\"https:\/\/www.facebook.com\/\" target=\"_blank\">\n\t\t\t\t\t\t<span class=\"elementor-screen-only\">Facebook<\/span>\n\t\t\t\t\t\t<i aria-hidden=\"true\" class=\"fab fa-facebook\"><\/i>\t\t\t\t\t<\/a>\n\t\t\t\t<\/span>\n\t\t\t\t\t\t\t<span class=\"elementor-grid-item\" role=\"listitem\">\n\t\t\t\t\t<a class=\"elementor-icon elementor-social-icon elementor-social-icon-youtube elementor-repeater-item-6e02c69\" href=\"https:\/\/www.youtube.com\/\" target=\"_blank\">\n\t\t\t\t\t\t<span class=\"elementor-screen-only\">Youtube<\/span>\n\t\t\t\t\t\t<i aria-hidden=\"true\" class=\"fab fa-youtube\"><\/i>\t\t\t\t\t<\/a>\n\t\t\t\t<\/span>\n\t\t\t\t\t<\/div>\n\t\t\t\t\t\t<\/div>\n\t\t\t\t<\/div>\n\t\t\t\t\t<\/div>\n\t\t<\/div>\n\t\t        <div class=\"shade_animation shade-29f58ee\">\r\n\t\t             \t\t\t\t<div class=\"shade_wrap elementor-repeater-item-b43537e\">\r\n                                <div class=\"shade_wrap_inner alternate infinite\">\r\n                                    <img decoding=\"async\" src=\"https:\/\/interactivestocksmarkets.com\/wp-content\/uploads\/2022\/08\/Ellipse-2073.svg\" alt=\"shade_image\">  \r\n                                <\/div>  \r\n                            <\/div>\r\n                        \t\t\t\t<div class=\"shade_wrap elementor-repeater-item-1944787\">\r\n                                <div class=\"shade_wrap_inner alternate infinite\">\r\n                                    <img decoding=\"async\" src=\"https:\/\/interactivestocksmarkets.com\/wp-content\/uploads\/2022\/08\/Ellipse-2074.svg\" alt=\"shade_image\">  \r\n                                <\/div>  \r\n                            <\/div>\r\n                    <\/div>\r\n        \t\t<div class=\"elementor-column elementor-col-50 elementor-top-column elementor-element elementor-element-29f58ee jws-shade-yes\" data-id=\"29f58ee\" data-element_type=\"column\" data-e-type=\"column\" data-settings=\"{&quot;background_background&quot;:&quot;classic&quot;}\">\n\t\t\t<div class=\"elementor-widget-wrap elementor-element-populated\">\n\t\t\t\t\t\t<div class=\"elementor-element elementor-element-9212da9 elementor-widget__width-initial elementor-invisible elementor-widget elementor-widget-heading\" data-id=\"9212da9\" data-element_type=\"widget\" data-e-type=\"widget\" data-settings=\"{&quot;_animation&quot;:&quot;fadeIn&quot;}\" data-widget_type=\"heading.default\">\n\t\t\t\t<div class=\"elementor-widget-container\">\n\t\t\t\t\t<h5 class=\"elementor-heading-title elementor-size-default\">Rellena el formulario<\/h5>\t\t\t\t<\/div>\n\t\t\t\t<\/div>\n\t\t\t\t<div class=\"elementor-element elementor-element-ba067a6 elementor-widget__width-initial elementor-button-align-stretch elementor-invisible elementor-widget elementor-widget-form\" data-id=\"ba067a6\" data-element_type=\"widget\" data-e-type=\"widget\" data-settings=\"{&quot;step_next_label&quot;:&quot;Next&quot;,&quot;step_previous_label&quot;:&quot;Previous&quot;,&quot;_animation&quot;:&quot;fadeIn&quot;,&quot;step_type&quot;:&quot;number_text&quot;,&quot;step_icon_shape&quot;:&quot;circle&quot;}\" data-widget_type=\"form.default\">\n\t\t\t\t<div class=\"elementor-widget-container\">\n\t\t\t\t\t\t\t<form class=\"elementor-form\" method=\"post\" name=\"New Form\">\n\t\t\t<input type=\"hidden\" name=\"post_id\" value=\"5061\"\/>\n\t\t\t<input type=\"hidden\" name=\"form_id\" value=\"ba067a6\"\/>\n\t\t\t<input type=\"hidden\" name=\"referer_title\" value=\"\" \/>\n\n\t\t\t\n\t\t\t<div class=\"elementor-form-fields-wrapper elementor-labels-\">\n\t\t\t\t\t\t\t\t<div class=\"elementor-field-type-text elementor-field-group elementor-column elementor-field-group-name elementor-col-50 elementor-field-required\">\n\t\t\t\t\t\t\t\t\t\t\t\t<label for=\"form-field-name\" class=\"elementor-field-label elementor-screen-only\">\n\t\t\t\t\t\t\t\tNombre*\t\t\t\t\t\t\t<\/label>\n\t\t\t\t\t\t\t\t\t\t\t\t\t\t<input size=\"1\" type=\"text\" name=\"form_fields[name]\" id=\"form-field-name\" class=\"elementor-field elementor-size-sm  elementor-field-textual\" placeholder=\"Nombre*\" required=\"required\">\n\t\t\t\t\t\t\t\t\t\t\t<\/div>\n\t\t\t\t\t\t\t\t<div class=\"elementor-field-type-text elementor-field-group elementor-column elementor-field-group-field_1e0ddcc elementor-col-50 elementor-field-required\">\n\t\t\t\t\t\t\t\t\t\t\t\t<label for=\"form-field-field_1e0ddcc\" class=\"elementor-field-label elementor-screen-only\">\n\t\t\t\t\t\t\t\tApellido*\t\t\t\t\t\t\t<\/label>\n\t\t\t\t\t\t\t\t\t\t\t\t\t\t<input size=\"1\" type=\"text\" name=\"form_fields[field_1e0ddcc]\" id=\"form-field-field_1e0ddcc\" class=\"elementor-field elementor-size-sm  elementor-field-textual\" placeholder=\"Apellido*\" required=\"required\">\n\t\t\t\t\t\t\t\t\t\t\t<\/div>\n\t\t\t\t\t\t\t\t<div class=\"elementor-field-type-email elementor-field-group elementor-column elementor-field-group-email elementor-col-100 elementor-field-required\">\n\t\t\t\t\t\t\t\t\t\t\t\t<label for=\"form-field-email\" class=\"elementor-field-label elementor-screen-only\">\n\t\t\t\t\t\t\t\tEmail\t\t\t\t\t\t\t<\/label>\n\t\t\t\t\t\t\t\t\t\t\t\t\t\t<input size=\"1\" type=\"email\" name=\"form_fields[email]\" id=\"form-field-email\" class=\"elementor-field elementor-size-sm  elementor-field-textual\" placeholder=\"Email*\" required=\"required\">\n\t\t\t\t\t\t\t\t\t\t\t<\/div>\n\t\t\t\t\t\t\t\t<div class=\"elementor-field-type-textarea elementor-field-group elementor-column elementor-field-group-field_369453b elementor-col-100\">\n\t\t\t\t\t\t\t\t\t\t\t\t<label for=\"form-field-field_369453b\" class=\"elementor-field-label elementor-screen-only\">\n\t\t\t\t\t\t\t\tMensaje...\t\t\t\t\t\t\t<\/label>\n\t\t\t\t\t\t<textarea class=\"elementor-field-textual elementor-field  elementor-size-sm\" name=\"form_fields[field_369453b]\" id=\"form-field-field_369453b\" rows=\"7\" placeholder=\"Mensaje...\"><\/textarea>\t\t\t\t<\/div>\n\t\t\t\t\t\t\t\t<div class=\"elementor-field-type-acceptance elementor-field-group elementor-column elementor-field-group-field_de92f20 elementor-col-100 elementor-field-required\">\n\t\t\t\t\t\t\t\t\t\t\t\t<label for=\"form-field-field_de92f20\" class=\"elementor-field-label elementor-screen-only\">\n\t\t\t\t\t\t\t\tCheckbox\t\t\t\t\t\t\t<\/label>\n\t\t\t\t\t\t\t\t<div class=\"elementor-field-subgroup\">\n\t\t\t<span class=\"elementor-field-option\">\n\t\t\t\t<input type=\"checkbox\" name=\"form_fields[field_de92f20]\" id=\"form-field-field_de92f20\" class=\"elementor-field elementor-size-sm  elementor-acceptance-field\" required=\"required\">\n\t\t\t\t<label for=\"form-field-field_de92f20\">Acepto t\u00e9rminos y condiciones<\/label>\t\t\t<\/span>\n\t\t<\/div>\n\t\t\t\t\t\t<\/div>\n\t\t\t\t\t\t\t\t<div class=\"elementor-field-group elementor-column elementor-field-type-submit elementor-col-100 e-form__buttons\">\n\t\t\t\t\t<button class=\"elementor-button elementor-size-sm\" type=\"submit\">\n\t\t\t\t\t\t<span class=\"elementor-button-content-wrapper\">\n\t\t\t\t\t\t\t\t\t\t\t\t\t\t\t\t\t\t\t\t\t\t<span class=\"elementor-button-text\">Enviar<\/span>\n\t\t\t\t\t\t\t\t\t\t\t\t\t<\/span>\n\t\t\t\t\t<\/button>\n\t\t\t\t<\/div>\n\t\t\t<\/div>\n\t\t<\/form>\n\t\t\t\t\t\t<\/div>\n\t\t\t\t<\/div>\n\t\t\t\t\t<\/div>\n\t\t<\/div>\n\t\t\t\t      \r\n            \r\n              \r\n            \r\n            \t\r\n\t\t\t<\/div>\r\n\t\t<\/section>\r\n\t\t\t\t<\/div>\n\t\t","protected":false},"excerpt":{"rendered":"<p>Conecta con nosotros y da el siguiente paso Si tienes preguntas, ideas o deseas comenzar tu camino con Interactive Stocks Markets, estamos para ayudarte. Completa el formulario y te responderemos a la brevedad. support@interactivestocksmarkets.com Fraum\u00fcnsterstrasse 16 Z\u00fcrich, Suiza Toronto, Ontario M5J 0B1, Canad\u00e1 ORBI TOVER Thomas-Klestil-Platz 13, 1030 Wien, Austria S\u00edguenos en Telegram Twitter Facebook [&hellip;]<\/p>\n","protected":false},"author":1,"featured_media":0,"parent":0,"menu_order":0,"comment_status":"closed","ping_status":"closed","template":"","meta":{"footnotes":""},"class_list":["post-5061","page","type-page","status-publish","hentry"],"_links":{"self":[{"href":"https:\/\/interactivestocksmarkets.com\/en\/wp-json\/wp\/v2\/pages\/5061","targetHints":{"allow":["GET"]}}],"collection":[{"href":"https:\/\/interactivestocksmarkets.com\/en\/wp-json\/wp\/v2\/pages"}],"about":[{"href":"https:\/\/interactivestocksmarkets.com\/en\/wp-json\/wp\/v2\/types\/page"}],"author":[{"embeddable":true,"href":"https:\/\/interactivestocksmarkets.com\/en\/wp-json\/wp\/v2\/users\/1"}],"replies":[{"embeddable":true,"href":"https:\/\/interactivestocksmarkets.com\/en\/wp-json\/wp\/v2\/comments?post=5061"}],"version-history":[{"count":25,"href":"https:\/\/interactivestocksmarkets.com\/en\/wp-json\/wp\/v2\/pages\/5061\/revisions"}],"predecessor-version":[{"id":10486,"href":"https:\/\/interactivestocksmarkets.com\/en\/wp-json\/wp\/v2\/pages\/5061\/revisions\/10486"}],"wp:attachment":[{"href":"https:\/\/interactivestocksmarkets.com\/en\/wp-json\/wp\/v2\/media?parent=5061"}],"curies":[{"name":"wp","href":"https:\/\/api.w.org\/{rel}","templated":true}]}}